{"id":183,"date":"2021-01-25T10:21:43","date_gmt":"2021-01-25T10:21:43","guid":{"rendered":"https:\/\/wordpressriverthemes.com\/tanda\/?page_id=183"},"modified":"2024-05-13T18:01:16","modified_gmt":"2024-05-13T15:01:16","slug":"devops","status":"publish","type":"page","link":"https:\/\/trustbt.com\/en\/devops\/","title":{"rendered":"DevOps Hizmetlerimiz"},"content":{"rendered":"<div class=\"vc_row wpb_row vc_row-fluid\"><div class=\"wpb_column vc_column_container vc_col-sm-12\"><div class=\"vc_column-inner\"><div class=\"wpb_wrapper\"><!-- Start Banner \n    ============================================= -->\n    <div class=\"banner-area auto-height text-color bg-gray inc-shape\">\n        <div class=\"item\">\n            <div class=\"container\">\n                <div class=\"row align-center\">\n                                    \n                    <div class=\"col-lg-6\">\n                        <div class=\"content\">\n                            <h4>DevOps D\u00f6n\u00fc\u015f\u00fcm\u00fcn\u00fcz\u00fc H\u0131zland\u0131r\u0131n <\/h4>\n                            <h2> <strong><\/strong><\/h2>\n                            <p>\n                                TrustBT olarak, mevcut operasyonlar\u0131n\u0131za sorunsuz bir \u015fekilde entegre olan \u00f6zelle\u015ftirilmi\u015f DevOps \u00e7\u00f6z\u00fcmleri ile dijital d\u00f6n\u00fc\u015f\u00fcm\u00fcn\u00fcz\u00fc h\u0131zland\u0131r\u0131yoruz. Uzman ekibimiz, i\u015fletmenizin h\u0131zl\u0131 teknoloji manzaras\u0131nda \u00f6nde kalmas\u0131n\u0131 sa\u011flamak i\u00e7in en yeni teknolojileri ve metodolojileri kullanmaktad\u0131r.\n                            <\/p><a class=\"btn circle btn-theme effect btn-md\" href=\"https:\/\/trustbt.com\/iletisim\/\">\u0130leti\u015fime Ge\u00e7in <i class=\"fas fa-arrow-alt-circle-right\"><\/i><\/a> <\/div>\n                    <\/div>\n                    <div class=\"col-lg-6 thumb\">\n                        <img decoding=\"async\" src=\"https:\/\/trustbt.com\/wp-content\/uploads\/2021\/12\/devops3.png\" alt=\"Thumb\">\n                    <\/div>\n                <\/div>\n            <\/div>\n        <\/div>\n    <\/div>\n    <!-- End Banner --><!-- Start Services Details \n    ============================================= -->\n    <div class=\"services-details-area default-padding\">\n        <div class=\"container\">\n            <div class=\"row\">\n                <div class=\"col-lg-8 content\">\n                    <div class=\"thumb\">\n                        <img decoding=\"async\" src=\"https:\/\/trustbt.com\/wp-content\/uploads\/2021\/12\/devops.png\" alt=\"Thumb\">\n                    <\/div>\n\t<div class=\"wpb_text_column wpb_content_element  vc_custom_1715612149341\" >\n\t\t<div class=\"wpb_wrapper\">\n\t\t\t<h1>DevOps Dan\u0131\u015fmanl\u0131\u011f\u0131<\/h1>\n\n\t\t<\/div>\n\t<\/div>\n\n\t<div class=\"wpb_text_column wpb_content_element  vc_custom_1715612238549\" >\n\t\t<div class=\"wpb_wrapper\">\n\t\t\t<p>DevOps, yaz\u0131l\u0131m\u0131 ve yaz\u0131l\u0131m geli\u015ftirme s\u00fcre\u00e7lerini daha h\u0131zl\u0131 hale getirmek i\u00e7in geli\u015ftirme ve operasyon ekiplerinin beraber proje y\u00f6netimi standartlar\u0131na uygun, i\u015fbirligi i\u00e7erisinde \u00e7al\u0131\u015fmas\u0131n\u0131 sa\u011flamak i\u00e7in tasarlanm\u0131\u015f bir metodolojidir. TrustBT 2018 y\u0131l\u0131ndan itibaren DevOps alan\u0131nda, yaz\u0131l\u0131m ya\u015fam d\u00f6ng\u00fcn\u00fcz\u00fcn artan ihtiya\u00e7lari ve g\u00fcvenilirli\u011fini elde etmenize yardimc\u0131 olmak i\u00e7in u\u00e7tan uca DevOps Dan\u0131\u015fmanl\u0131k hizmetleri sunmaktadir.<\/p>\n\n\t\t<\/div>\n\t<\/div>\n\n\t<div class=\"wpb_text_column wpb_content_element  vc_custom_1642515656492\" >\n\t\t<div class=\"wpb_wrapper\">\n\t\t\t<h1>Neden DevOps Dan\u0131\u015fmanl\u0131\u011f\u0131na \u0130htiyac\u0131n\u0131z Var ?<\/h1>\n\n\t\t<\/div>\n\t<\/div>\n\n\t<div class=\"wpb_text_column wpb_content_element\" >\n\t\t<div class=\"wpb_wrapper\">\n\t\t\t<ul>\n<li><strong>H\u0131zl\u0131 Teslimat:<\/strong> DevOps uygulamalar\u0131, yaz\u0131l\u0131m g\u00fcncellemelerinin ve yeni \u00f6zelliklerin daha h\u0131zl\u0131 piyasaya s\u00fcr\u00fclmesini sa\u011flar, b\u00f6ylece pazar taleplerine an\u0131nda yan\u0131t verebilirsiniz.<\/li>\n<li><strong>Art\u0131r\u0131lm\u0131\u015f \u0130\u015fbirli\u011fi:<\/strong> DevOps k\u00fclt\u00fcr\u00fc, geli\u015ftirme ve operasyon ekipleri aras\u0131ndaki i\u015fbirli\u011fini g\u00fc\u00e7lendirir, bu da ileti\u015fim ve i\u015f ak\u0131\u015f\u0131n\u0131 iyile\u015ftirir.<\/li>\n<li><strong>Daha Y\u00fcksek Yaz\u0131l\u0131m Kalitesi:<\/strong> S\u00fcrekli entegrasyon ve s\u00fcrekli da\u011f\u0131t\u0131m s\u00fcre\u00e7leri, hatalar\u0131n erken tespit edilmesini ve d\u00fczeltilmesini sa\u011flar, bu da genel yaz\u0131l\u0131m kalitesini art\u0131r\u0131r.<\/li>\n<li><strong>Maliyet Verimlili\u011fi:<\/strong> DevOps stratejileri, gereksiz kaynak kullan\u0131m\u0131n\u0131 azalt\u0131r ve operasyonel maliyetleri d\u00fc\u015f\u00fcr\u00fcr.<\/li>\n<li><strong>Esneklik ve \u00d6l\u00e7eklenebilirlik:<\/strong> DevOps dan\u0131\u015fmanl\u0131\u011f\u0131, altyap\u0131 ve uygulamalar\u0131n\u0131z\u0131n esnekli\u011fini ve \u00f6l\u00e7eklenebilirli\u011fini art\u0131rarak b\u00fcy\u00fcme ve de\u011fi\u015fime kolay adapte olman\u0131z\u0131 sa\u011flar.<\/li>\n<li><strong>Geli\u015fmi\u015f G\u00fcvenlik:<\/strong> DevOps s\u00fcre\u00e7leri, g\u00fcvenlik \u00f6nlemlerini geli\u015ftirme s\u00fcrecinin ba\u015f\u0131ndan itibaren entegre ederek, uygulamalar\u0131n daha g\u00fcvenli olmas\u0131n\u0131 sa\u011flar.<\/li>\n<li><strong>S\u00fcrekli \u0130yile\u015ftirme:<\/strong> DevOps, s\u00fcrekli geri bildirim ve iyile\u015ftirme d\u00f6ng\u00fcleri yoluyla i\u015f s\u00fcre\u00e7lerindeki etkinli\u011fi art\u0131rarak, s\u00fcrekli geli\u015fim f\u0131rsatlar\u0131 sunar.<\/li>\n<\/ul>\n\n\t\t<\/div>\n\t<\/div>\n\n\t<div class=\"wpb_text_column wpb_content_element  wpb_animate_when_almost_visible wpb_fadeInLeft fadeInLeft vc_custom_1715612416259\" >\n\t\t<div class=\"wpb_wrapper\">\n\t\t\t<h3><strong>DevOps Ekibimizin \u00e7\u00f6z\u00fcm sundu\u011fu teknolojiler;<\/strong><\/h3>\n\n\t\t<\/div>\n\t<\/div>\n\n\t<div class=\"wpb_text_column wpb_content_element  vc_custom_1642349635192\" >\n\t\t<div class=\"wpb_wrapper\">\n\t\t\t<h3>Containerization Technologies<\/h3>\n\n\t\t<\/div>\n\t<\/div>\n\n\t<div class=\"wpb_text_column wpb_content_element  vc_custom_1642350193305\" >\n\t\t<div class=\"wpb_wrapper\">\n\t\t\t<p><img loading=\"lazy\" decoding=\"async\" class=\"alignnone size-full wp-image-1935\" src=\"https:\/\/trustbt.com\/wp-content\/uploads\/2022\/01\/Picture1.png\" alt=\"\" width=\"105\" height=\"59\" \/><img loading=\"lazy\" decoding=\"async\" class=\"alignnone wp-image-1936\" src=\"https:\/\/trustbt.com\/wp-content\/uploads\/2022\/01\/Picture2.png\" alt=\"\" width=\"101\" height=\"51\" \/> <img loading=\"lazy\" decoding=\"async\" class=\"alignnone wp-image-1937\" src=\"https:\/\/trustbt.com\/wp-content\/uploads\/2022\/01\/Picture3-300x78.png\" alt=\"\" width=\"177\" height=\"46\" srcset=\"https:\/\/trustbt.com\/wp-content\/uploads\/2022\/01\/Picture3-300x78.png 300w, https:\/\/trustbt.com\/wp-content\/uploads\/2022\/01\/Picture3-350x91.png 350w, https:\/\/trustbt.com\/wp-content\/uploads\/2022\/01\/Picture3.png 379w\" sizes=\"auto, (max-width: 177px) 100vw, 177px\" \/><img loading=\"lazy\" decoding=\"async\" class=\"alignnone wp-image-1938\" src=\"https:\/\/trustbt.com\/wp-content\/uploads\/2022\/01\/Picture4-300x75.png\" alt=\"\" width=\"183\" height=\"45\" srcset=\"https:\/\/trustbt.com\/wp-content\/uploads\/2022\/01\/Picture4-300x75.png 300w, https:\/\/trustbt.com\/wp-content\/uploads\/2022\/01\/Picture4-350x87.png 350w, https:\/\/trustbt.com\/wp-content\/uploads\/2022\/01\/Picture4.png 381w\" sizes=\"auto, (max-width: 183px) 100vw, 183px\" \/><\/p>\n\n\t\t<\/div>\n\t<\/div>\n\n\t<div class=\"wpb_text_column wpb_content_element  vc_custom_1642350669201\" >\n\t\t<div class=\"wpb_wrapper\">\n\t\t\t<h3>Otomasyon Ara\u00e7lar\u0131<\/h3>\n\n\t\t<\/div>\n\t<\/div>\n<div class=\"row thumbs\">\n                        <div class=\"col-lg-6 col-md-6\">\n                            <img decoding=\"async\" src=\"https:\/\/trustbt.com\/wp-content\/uploads\/2024\/05\/gitlab-logo-100-2.png\" alt=\"Thumb\">\n                        <\/div>\n                        <div class=\"col-lg-6 col-md-6\">\n                            <img decoding=\"async\" src=\"https:\/\/trustbt.com\/wp-content\/uploads\/2024\/05\/jenkins-1.png\" alt=\"Thumb\">\n                        <\/div>\n                    <\/div>\n                <\/div><div class=\"col-lg-4 sidebar\">\n                    <div class=\"sidebar-item link\">\n                        <ul><li><a class=\"bt-sidebar\" href=\"https:\/\/trustbt.com\/sanallastirma\/\">Sanalla\u015ft\u0131rma<\/a><\/li><li><a class=\"bt-sidebar\" href=\"https:\/\/trustbt.com\/ag-sistem-guvenligi\/\">A\u011f &amp; Sistem G\u00fcvenli\u011fi<\/a><\/li><li><a class=\"bt-sidebar active\" href=\"https:\/\/trustbt.com\/devops\/\">DevOps<\/a><\/li><li><a class=\"bt-sidebar\" href=\"https:\/\/trustbt.com\/depolama-yedekleme\/\">Storage &amp; Backup<\/a><\/li><li><a class=\"bt-sidebar\" href=\"https:\/\/trustbt.com\/ag-sistem-yonetimi\/\">A\u011f &amp; Sistem Y\u00f6netimi<\/a><\/li><\/ul>\n                    <\/div><\/div>\n            <\/div>\n        <\/div>\n    <\/div>\n    <!-- End Services Details --><\/div><\/div><\/div><div class=\"wpb_column vc_column_container vc_col-sm-12\"><div class=\"vc_column-inner\"><div class=\"wpb_wrapper\"><\/div><\/div><\/div><div class=\"wpb_column vc_column_container vc_col-sm-12\"><div class=\"vc_column-inner\"><div class=\"wpb_wrapper\"><\/div><\/div><\/div><\/div>","protected":false},"excerpt":{"rendered":"DevOps D\u00f6n\u00fc\u015f\u00fcm\u00fcn\u00fcz\u00fc H\u0131zland\u0131r\u0131n TrustBT olarak, mevcut operasyonlar\u0131n\u0131za sorunsuz bir \u015fekilde entegre olan \u00f6zelle\u015ftirilmi\u015f DevOps \u00e7\u00f6z\u00fcmleri ile dijital d\u00f6n\u00fc\u015f\u00fcm\u00fcn\u00fcz\u00fc h\u0131zland\u0131r\u0131yoruz. Uzman ekibimiz, i\u015fletmenizin h\u0131zl\u0131 teknoloji manzaras\u0131nda \u00f6nde kalmas\u0131n\u0131 sa\u011flamak i\u00e7in en yeni teknolojileri ve metodolojileri kullanmaktad\u0131r. \u0130leti\u015fime Ge\u00e7in DevOps Dan\u0131\u015fmanl\u0131\u011f\u0131 DevOps, yaz\u0131l\u0131m\u0131 ve yaz\u0131l\u0131m geli\u015ftirme s\u00fcre\u00e7lerini daha h\u0131zl\u0131 hale getirmek i\u00e7in geli\u015ftirme ve operasyon ekiplerinin beraber [...]","protected":false},"author":6,"featured_media":0,"parent":0,"menu_order":0,"comment_status":"closed","ping_status":"closed","template":"page-templates\/pages.php","meta":{"footnotes":""},"class_list":["post-183","page","type-page","status-publish","hentry"],"aioseo_notices":[],"_links":{"self":[{"href":"https:\/\/trustbt.com\/en\/wp-json\/wp\/v2\/pages\/183","targetHints":{"allow":["GET"]}}],"collection":[{"href":"https:\/\/trustbt.com\/en\/wp-json\/wp\/v2\/pages"}],"about":[{"href":"https:\/\/trustbt.com\/en\/wp-json\/wp\/v2\/types\/page"}],"author":[{"embeddable":true,"href":"https:\/\/trustbt.com\/en\/wp-json\/wp\/v2\/users\/6"}],"replies":[{"embeddable":true,"href":"https:\/\/trustbt.com\/en\/wp-json\/wp\/v2\/comments?post=183"}],"version-history":[{"count":10,"href":"https:\/\/trustbt.com\/en\/wp-json\/wp\/v2\/pages\/183\/revisions"}],"predecessor-version":[{"id":2272,"href":"https:\/\/trustbt.com\/en\/wp-json\/wp\/v2\/pages\/183\/revisions\/2272"}],"wp:attachment":[{"href":"https:\/\/trustbt.com\/en\/wp-json\/wp\/v2\/media?parent=183"}],"curies":[{"name":"wp","href":"https:\/\/api.w.org\/{rel}","templated":true}]}}