{"id":2096,"date":"2023-09-11T13:36:40","date_gmt":"2023-09-11T10:36:40","guid":{"rendered":"https:\/\/trustbt.com\/?page_id=2096"},"modified":"2024-05-20T00:16:09","modified_gmt":"2024-05-19T21:16:09","slug":"bilgi-guvenligi-politikasi","status":"publish","type":"page","link":"https:\/\/trustbt.com\/en\/bilgi-guvenligi-politikasi\/","title":{"rendered":"Bilgi G\u00fcvenli\u011fi Politikas\u0131"},"content":{"rendered":"<div class=\"vc_row wpb_row vc_row-fluid\"><div class=\"wpb_column vc_column_container vc_col-sm-12\"><div class=\"vc_column-inner\"><div class=\"wpb_wrapper\"><!-- Start Services Details \n    ============================================= -->\n    <div class=\"services-details-area default-padding\">\n        <div class=\"container\">\n            <div class=\"row\">\n                <div class=\"col-lg-8 content\">\n                    <div class=\"thumb\">\n                        <img decoding=\"async\" src=\"https:\/\/trustbt.com\/wp-content\/uploads\/2024\/05\/bilgi_e1e604311-1.png\" alt=\"Thumb\">\n                    <\/div>\n\t<div class=\"wpb_text_column wpb_content_element  vc_custom_1716153328456\" >\n\t\t<div class=\"wpb_wrapper\">\n\t\t\t<p lang=\"tr-TR\" align=\"justify\">Trust Bilgi Teknolojileri Arge Tic. A.\u015e olarak bilgi g\u00fcvenli\u011fi politikam\u0131z dahilinde ;<\/p>\n<ul>\n<li>Y\u00fcr\u00fct\u00fclen faaliyetlerin etkin, do\u011fru, h\u0131zl\u0131 ve g\u00fcvenli olarak ger\u00e7ekle\u015ftirilmesini temin etmeyi,<\/li>\n<li>Bilgi varl\u0131klar\u0131, de\u011ferleri, g\u00fcvenlik ihtiya\u00e7lar\u0131, zafiyetleri, varl\u0131klara y\u00f6nelik tehditlerin, tehditlerin s\u0131kl\u0131klar\u0131n\u0131n saptanmas\u0131 i\u00e7in y\u00f6ntemlerin belirleyece\u011fi \u00e7er\u00e7eveyi tan\u0131mlamay\u0131,<\/li>\n<li>Hizmet verilen kapsam ba\u011flam\u0131nda teknolojik beklentileri g\u00f6zden ge\u00e7irerek riskleri s\u00fcrekli takip etmeyi,<\/li>\n<li>T\u00fcm m\u00fc\u015fteri \u015fartlar\u0131na ve yasal y\u00fck\u00fcml\u00fcl\u00fcklere uyum sa\u011flamay\u0131,<\/li>\n<li>Firmam\u0131za, m\u00fc\u015fterilerimize, tedarik\u00e7i ve i\u015f ortaklar\u0131m\u0131za ait her t\u00fcrl\u00fc bilgi varl\u0131\u011f\u0131n\u0131n gizlilik, eri\u015filebilirlik ve b\u00fct\u00fcnl\u00fckleri \u00fczerindeki risklerin fark\u0131nda olmak ve bu riskleri y\u00f6netmeyi,<\/li>\n<li>E\u011fitim ve dan\u0131\u015fmanl\u0131kta s\u00fcreklilikle bilgi g\u00fcvenli\u011fi olgusuna firma genelinde tam kat\u0131l\u0131m ve bilgi g\u00fcvenli\u011finde y\u00fcksek fark\u0131ndal\u0131k yaratmay\u0131,<\/li>\n<li>Bilgi g\u00fcvenli\u011fini sistematik olarak ele alarak s\u00fcrekli iyile\u015fen, geli\u015fen ve yeni risklerin olu\u015fmas\u0131na imk\u00e2n vermeyen bir yap\u0131 haline getirmeyi,<\/li>\n<li>6698 say\u0131l\u0131 Ki\u015fisel Verilerin Korunmas\u0131 Kanunu (KVKK) ve ilgili di\u011fer mevzuat kapsam\u0131nda \u00e7al\u0131\u015fanlara, stajyerlere, ziyaret\u00e7ilere, tedarik\u00e7ilere ve ilgili di\u011fer 3. taraflara ait ki\u015fisel bilgilerin i\u015flenmesi, korunmas\u0131 ve imhas\u0131 konusunda t\u00fcm sorumluluklar\u0131 kar\u015f\u0131lamay\u0131,<\/li>\n<\/ul>\n<p>Taahh\u00fct ederiz.<\/p>\n\n\t\t<\/div>\n\t<\/div>\n<\/div><\/div><\/div><\/div>","protected":false},"excerpt":{"rendered":"Trust Bilgi Teknolojileri Arge Tic. A.\u015e olarak bilgi g\u00fcvenli\u011fi politikam\u0131z dahilinde ; Y\u00fcr\u00fct\u00fclen faaliyetlerin etkin, do\u011fru, h\u0131zl\u0131 ve g\u00fcvenli olarak ger\u00e7ekle\u015ftirilmesini temin etmeyi, Bilgi varl\u0131klar\u0131, de\u011ferleri, g\u00fcvenlik ihtiya\u00e7lar\u0131, zafiyetleri, varl\u0131klara y\u00f6nelik tehditlerin, tehditlerin s\u0131kl\u0131klar\u0131n\u0131n saptanmas\u0131 i\u00e7in y\u00f6ntemlerin belirleyece\u011fi \u00e7er\u00e7eveyi tan\u0131mlamay\u0131, Hizmet verilen kapsam ba\u011flam\u0131nda teknolojik beklentileri g\u00f6zden ge\u00e7irerek riskleri s\u00fcrekli takip etmeyi, T\u00fcm m\u00fc\u015fteri \u015fartlar\u0131na [...]","protected":false},"author":2,"featured_media":0,"parent":0,"menu_order":0,"comment_status":"closed","ping_status":"closed","template":"page-templates\/pages-image.php","meta":{"footnotes":""},"class_list":["post-2096","page","type-page","status-publish","hentry"],"aioseo_notices":[],"_links":{"self":[{"href":"https:\/\/trustbt.com\/en\/wp-json\/wp\/v2\/pages\/2096","targetHints":{"allow":["GET"]}}],"collection":[{"href":"https:\/\/trustbt.com\/en\/wp-json\/wp\/v2\/pages"}],"about":[{"href":"https:\/\/trustbt.com\/en\/wp-json\/wp\/v2\/types\/page"}],"author":[{"embeddable":true,"href":"https:\/\/trustbt.com\/en\/wp-json\/wp\/v2\/users\/2"}],"replies":[{"embeddable":true,"href":"https:\/\/trustbt.com\/en\/wp-json\/wp\/v2\/comments?post=2096"}],"version-history":[{"count":25,"href":"https:\/\/trustbt.com\/en\/wp-json\/wp\/v2\/pages\/2096\/revisions"}],"predecessor-version":[{"id":2294,"href":"https:\/\/trustbt.com\/en\/wp-json\/wp\/v2\/pages\/2096\/revisions\/2294"}],"wp:attachment":[{"href":"https:\/\/trustbt.com\/en\/wp-json\/wp\/v2\/media?parent=2096"}],"curies":[{"name":"wp","href":"https:\/\/api.w.org\/{rel}","templated":true}]}}