{"id":285,"date":"2024-03-08T04:15:50","date_gmt":"2024-03-08T01:15:50","guid":{"rendered":"https:\/\/wordpressriverthemes.com\/tanda\/?page_id=285"},"modified":"2024-05-19T23:47:26","modified_gmt":"2024-05-19T20:47:26","slug":"anasayfa","status":"publish","type":"page","link":"https:\/\/trustbt.com\/en\/","title":{"rendered":"Home"},"content":{"rendered":"<div class=\"vc_row wpb_row vc_row-fluid\"><div class=\"wpb_column vc_column_container vc_col-sm-12\"><div class=\"vc_column-inner\"><div class=\"wpb_wrapper\"><!-- Start Banner \n    ============================================= -->\n    <div class=\"banner-area home2-banner-fix content-less bottom-shape bg-gradient text-light center-item text-color\">\n        <!-- Fixed Shape -->\n        <div class=\"fixed-shape\">\n            <img decoding=\"async\" src=\"https:\/\/trustbt.com\/wp-content\/uploads\/2021\/01\/waves-shape.svg\" alt=\"Shape\">\n        <\/div>\n        <!-- End Fixed Shape -->\n        <div class=\"item\">\n            <div class=\"container\">\n                <div class=\"row align-center\">\n                                    \n                    <div class=\"col-lg-6\">\n                        <div class=\"content\">\n                            <h4 class=\"wow fadeInLeft\">Trust Bilgi Teknolojileri<\/h4>\n                            <h2 class=\"wow fadeInDown\">A\u011f, Sistem, G\u00fcvenlik, DevOps, Sanalla\u015ft\u0131rma ve Dan\u0131\u015fmanl\u0131k <strong>Services<\/strong><\/h2>\n                            <div class=\"bottom\">\n                                <a class=\"wow fadeInUp btn circle btn-light border btn-md\" href=\"\"><\/a>\n                                <a class=\"popup-youtube relative video-play-button\" href=\"\">\n                                    <i class=\"\"><\/i>\n                                <\/a>\n                            <\/div>\n                        <\/div>\n                    <\/div>\n                    <div class=\"col-lg-6 thumb\">\n                        <img decoding=\"async\" class=\"wow fadeInUp\" src=\"https:\/\/trustbt.com\/wp-content\/uploads\/2021\/12\/cropped-logoright-1.png\" alt=\"Thumb\">\n                    <\/div>\n\n                <\/div>\n            <\/div>\n        <\/div>\n        <!-- Fixed Shape -->\n        <div class=\"fixed-shape-bottom\">\n            <img decoding=\"async\" src=\"assets\/img\/shape\/13.png\" alt=\"Shape\">\n        <\/div>\n        <!-- End Fixed Shape -->\n    <\/div>\n    <!-- End Banner --><\/div><\/div><\/div><\/div><div class=\"vc_row wpb_row vc_row-fluid wpb_animate_when_almost_visible wpb_appear appear vc_row-o-equal-height vc_row-o-content-middle vc_row-flex\"><div class=\"wpb_animate_when_almost_visible wpb_bounceIn bounceIn wpb_column vc_column_container vc_col-sm-12\"><div class=\"vc_column-inner\"><div class=\"wpb_wrapper\"><div class=\"vc_empty_space\"   style=\"height: 60px\"><span class=\"vc_empty_space_inner\"><\/span><\/div><div class=\"vc_row wpb_row vc_inner vc_row-fluid\"><div class=\"wpb_column vc_column_container vc_col-sm-12\"><div class=\"vc_column-inner\"><div class=\"wpb_wrapper\"><div  class=\"lgx_logo_slider_app_wrapper lgx-logo-slider-wp\"><div class=\"lgx-logo-wrapper  nav-position-v-mid-hover hover-zoomin\"  ><div class=\"owl-carousel lgx-logo-carousel\"  data-autoplaytimeout=\"3000\"  data-autoplayspeed=\"2500\"  data-margin=\"5\"  data-loop=\"true\"  data-autoplay=\"true\"  data-autoplayhoverpause=\"true\"  data-dots=\"false\"  data-itemlarge=\"4\"  data-itemdesk=\"4\"  data-itemtablet=\"3\"  data-itemmobile=\"2\"  data-navlarge=\"false\"  data-navdesk=\"false\"  data-navtablet=\"false\"  data-navmobile=\"false\"  ><div class=\"item lgx-log-item\" ><div class=\"lgx-logo-item\" ><img decoding=\"async\" class=\"lgx-logo-img skip-lazy\" src=\"https:\/\/trustbt.com\/wp-content\/uploads\/2021\/12\/Hitachi.png\" style=\"max-width: 230px;max-height: 115px;\"   alt=\"\" title=\"Hitachi\" \/><\/div><\/div><div class=\"item lgx-log-item\" ><div class=\"lgx-logo-item\" ><img decoding=\"async\" class=\"lgx-logo-img skip-lazy\" src=\"https:\/\/trustbt.com\/wp-content\/uploads\/2021\/12\/TrendMicro.png\" style=\"max-width: 230px;max-height: 115px;\"   alt=\"\" title=\"TrendMicro\" \/><\/div><\/div><div class=\"item lgx-log-item\" ><div class=\"lgx-logo-item\" ><img decoding=\"async\" class=\"lgx-logo-img skip-lazy\" src=\"https:\/\/trustbt.com\/wp-content\/uploads\/2021\/12\/veeam.png\" style=\"max-width: 230px;max-height: 115px;\"   alt=\"\" title=\"Veeam\" \/><\/div><\/div><div class=\"item lgx-log-item\" ><div class=\"lgx-logo-item\" ><img decoding=\"async\" class=\"lgx-logo-img skip-lazy\" src=\"https:\/\/trustbt.com\/wp-content\/uploads\/2021\/12\/vmware-vector-logo.jpg\" style=\"max-width: 230px;max-height: 115px;\"   alt=\"\" title=\"VMWare\" \/><\/div><\/div><div class=\"item lgx-log-item\" ><div class=\"lgx-logo-item\" ><img decoding=\"async\" class=\"lgx-logo-img skip-lazy\" src=\"https:\/\/trustbt.com\/wp-content\/uploads\/2021\/12\/mellanox.png\" style=\"max-width: 230px;max-height: 115px;\"   alt=\"\" title=\"Nvidia\" \/><\/div><\/div><div class=\"item lgx-log-item\" ><div class=\"lgx-logo-item\" ><img decoding=\"async\" class=\"lgx-logo-img skip-lazy\" src=\"https:\/\/trustbt.com\/wp-content\/uploads\/2021\/12\/netapp.png\" style=\"max-width: 230px;max-height: 115px;\"   alt=\"\" title=\"NetApp\" \/><\/div><\/div><div class=\"item lgx-log-item\" ><div class=\"lgx-logo-item\" ><img decoding=\"async\" class=\"lgx-logo-img skip-lazy\" src=\"https:\/\/trustbt.com\/wp-content\/uploads\/2021\/12\/redhat.png\" style=\"max-width: 230px;max-height: 115px;\"   alt=\"\" title=\"Redhat\" \/><\/div><\/div><div class=\"item lgx-log-item\" ><div class=\"lgx-logo-item\" ><img decoding=\"async\" class=\"lgx-logo-img skip-lazy\" src=\"https:\/\/trustbt.com\/wp-content\/uploads\/2021\/12\/Forcepoint.png\" style=\"max-width: 230px;max-height: 115px;\"   alt=\"\" title=\"Forcepoint\" \/><\/div><\/div><div class=\"item lgx-log-item\" ><div class=\"lgx-logo-item\" ><img decoding=\"async\" class=\"lgx-logo-img skip-lazy\" src=\"https:\/\/trustbt.com\/wp-content\/uploads\/2021\/12\/Fortinet.png\" style=\"max-width: 230px;max-height: 115px;\"   alt=\"\" title=\"Fortinet\" \/><\/div><\/div><div class=\"item lgx-log-item\" ><div class=\"lgx-logo-item\" ><img decoding=\"async\" class=\"lgx-logo-img skip-lazy\" src=\"https:\/\/trustbt.com\/wp-content\/uploads\/2021\/12\/FRS.png\" style=\"max-width: 230px;max-height: 115px;\"   alt=\"\" title=\"FRS\" \/><\/div><\/div><div class=\"item lgx-log-item\" ><div class=\"lgx-logo-item\" ><img decoding=\"async\" class=\"lgx-logo-img skip-lazy\" src=\"https:\/\/trustbt.com\/wp-content\/uploads\/2021\/12\/HP.png\" style=\"max-width: 230px;max-height: 115px;\"   alt=\"\" title=\"Hewlett Packard Enterprise\" \/><\/div><\/div><div class=\"item lgx-log-item\" ><div class=\"lgx-logo-item\" ><img decoding=\"async\" class=\"lgx-logo-img skip-lazy\" src=\"https:\/\/trustbt.com\/wp-content\/uploads\/2021\/12\/ExtremeNetworks.png\" style=\"max-width: 230px;max-height: 115px;\"   alt=\"\" title=\"Extreme\" \/><\/div><\/div><div class=\"item lgx-log-item\" ><div class=\"lgx-logo-item\" ><img decoding=\"async\" class=\"lgx-logo-img skip-lazy\" src=\"https:\/\/trustbt.com\/wp-content\/uploads\/2021\/12\/Cisco.png\" style=\"max-width: 230px;max-height: 115px;\"   alt=\"\" title=\"Cisco\" \/><\/div><\/div><div class=\"item lgx-log-item\" ><div class=\"lgx-logo-item\" ><img decoding=\"async\" class=\"lgx-logo-img skip-lazy\" src=\"https:\/\/trustbt.com\/wp-content\/uploads\/2021\/12\/aruba.png\" style=\"max-width: 230px;max-height: 115px;\"   alt=\"\" title=\"Aruba\" \/><\/div><\/div><div class=\"item lgx-log-item\" ><div class=\"lgx-logo-item\" ><img decoding=\"async\" class=\"lgx-logo-img skip-lazy\" src=\"https:\/\/trustbt.com\/wp-content\/uploads\/2021\/12\/A10.png\" style=\"max-width: 230px;max-height: 115px;\"   alt=\"\" title=\"A10\" \/><\/div><\/div><\/div><\/div><\/div><\/div><\/div><\/div><\/div><div class=\"vc_empty_space\"   style=\"height: 100px\"><span class=\"vc_empty_space_inner\"><\/span><\/div><\/div><\/div><\/div><\/div><div class=\"vc_row wpb_row vc_row-fluid\"><div class=\"wpb_column vc_column_container vc_col-sm-12\"><div class=\"vc_column-inner\"><div class=\"wpb_wrapper\"><!-- Start Services \n    ============================================= -->\n    <div class=\"service-area default-padding-bottom bottom-less bg-cover\">\n        <!-- Fixed Shape  -->\n        <div class=\"fixed-shape-left-top\">\n            <img decoding=\"async\" src=\"https:\/\/trustbt.com\/wp-content\/uploads\/2021\/01\/7.png\" alt=\"Shape\">\n        <\/div>\n        <!-- End Fixed Shape  -->\n        <div class=\"container\">\n            <div class=\"row\">\n                <div class=\"col-lg-8 offset-lg-2\">\n                    <div class=\"site-heading text-center\">\n                        <h4>H\u0130ZMETLER\u0130M\u0130Z<\/h4>\n                        <h2>Bilgi Teknolojileri genelinde bir\u00e7ok alanda hizmet vermekteyiz<\/h2>\n                    <\/div>\n                <\/div>\n            <\/div>\n        <\/div>\n        <div class=\"container\">\n            <div class=\"service-box\">\n                <div class=\"row\"><!-- Single item -->\n                    <div class=\"col-lg-6 col-md-6 single-item\">\n                        <div class=\"item\">\n                            <div class=\"icon\">\n                                <i class=\"flaticon-cogwheel\"><\/i>\n                            <\/div>\n                            <div class=\"info\">\n                                <h4><a href=\"\">Proje Dan\u0131\u015fmanl\u0131\u011f\u0131<\/a><\/h4>\n                                <p>\n                                    - BT projelerinde u\u00e7tan uca do\u011fru \u00e7\u00f6z\u00fcm\u00fcn olu\u015fturulmas\u0131<br \/>\n- Projeler i\u00e7in do\u011fru ekiplerin olu\u015fturulmas\u0131<br \/>\n- Projelerde \u00f6nerilen \u00e7\u00f6z\u00fcm\u00fcn do\u011fru uygulanmas\u0131\n                                <\/p>\n                            <\/div>\n                        <\/div>\n                    <\/div>\n                    <!-- End Single item --><!-- Single item -->\n                    <div class=\"col-lg-6 col-md-6 single-item\">\n                        <div class=\"item\">\n                            <div class=\"icon\">\n                                <i class=\"flaticon-analysis-1\"><\/i>\n                            <\/div>\n                            <div class=\"info\">\n                                <h4><a href=\"\">\u00d6zel \u00c7\u00f6z\u00fcmler<\/a><\/h4>\n                                <p>\n                                    - Mikroservis mimari \u00e7\u00f6z\u00fcmleri<br \/>\n- \u00d6zelle\u015ftirilmi\u015f DevOps Stratejileri<br \/>\n- Otomasyon ve S\u00fcre\u00e7 \u0130yile\u015ftirme\n                                <\/p>\n                            <\/div>\n                        <\/div>\n                    <\/div>\n                    <!-- End Single item --><!-- Single item -->\n                    <div class=\"col-lg-6 col-md-6 single-item\">\n                        <div class=\"item\">\n                            <div class=\"icon\">\n                                <i class=\"flaticon-reduction\"><\/i>\n                            <\/div>\n                            <div class=\"info\">\n                                <h4><a href=\"\">Veri Merkezi Dan\u0131\u015fmanl\u0131\u011f\u0131<\/a><\/h4>\n                                <p>\n                                    - Altyap\u0131 De\u011ferlendirme ve Planlama<br \/>\n- Veri Merkezi Planlama ve Tasar\u0131m\u0131<br \/>\n- Felaket Kurtarma \u00c7\u00f6z\u00fcmleri\n                                <\/p>\n                            <\/div>\n                        <\/div>\n                    <\/div>\n                    <!-- End Single item --><!-- Single item -->\n                    <div class=\"col-lg-6 col-md-6 single-item\">\n                        <div class=\"item\">\n                            <div class=\"icon\">\n                                <i class=\"flaticon-interview\"><\/i>\n                            <\/div>\n                            <div class=\"info\">\n                                <h4><a href=\"\">Veri G\u00fcvenli\u011fi \u00c7\u00f6z\u00fcmleri<\/a><\/h4>\n                                <p>\n                                    - Yaz\u0131l\u0131m ve donan\u0131m tabanl\u0131 g\u00fcvenlik \u00e7\u00f6z\u00fcmleri<br \/>\n- G\u00fcvenli veri depolama y\u00f6ntemleri<br \/>\n- G\u00fcvenlik ihtiya\u00e7lar\u0131 do\u011frultusunda e\u011fitimler\n                                <\/p>\n                            <\/div>\n                        <\/div>\n                    <\/div>\n                    <!-- End Single item --><\/div>\n            <\/div>\n        <\/div>\n    <\/div>\n    <!-- End Services Area --><\/div><\/div><\/div><\/div><div class=\"vc_row wpb_row vc_row-fluid\"><div class=\"wpb_column vc_column_container vc_col-sm-12\"><div class=\"vc_column-inner\"><div class=\"wpb_wrapper\"> <!-- Star About Area\n    ============================================= -->\n    <div class=\"about-area relative reverse\">\n        <div class=\"container\">\n            <div class=\"row align-center\">\n                \n                <div class=\"col-lg-6 info\">\n                    <h5>HANG\u0130 alanlarday\u0131z<\/h5>\n                    <h2>Firmalara gerek yaz\u0131l\u0131m gerekse donan\u0131msal y\u00f6nden hizmet sa\u011fl\u0131yoruz<\/h2>\n                    <p>\n                        Sahip oldu\u011fumuz bilgi, birikim ve partnerlikler ile T\u00fcrkiye genelinde projeler y\u00f6netiyor ve denetliyoruz.\n                    <\/p>\n                    <div class=\"skill-items\"><!-- Progress Bar Start -->\n                        <div class=\"progress-box\">\n                            <h5>DevOps<\/h5>\n                            <div class=\"progress\">\n                                <div class=\"progress-bar\" role=\"progressbar\" data-width=\"100\">\n                                     <span>100%<\/span>\n                                <\/div>\n                            <\/div>\n                        <\/div>\n                        <!-- Progress Bar End --><!-- Progress Bar Start -->\n                        <div class=\"progress-box\">\n                            <h5>Siber G\u00fcvenlik<\/h5>\n                            <div class=\"progress\">\n                                <div class=\"progress-bar\" role=\"progressbar\" data-width=\"100\">\n                                     <span>100%<\/span>\n                                <\/div>\n                            <\/div>\n                        <\/div>\n                        <!-- Progress Bar End --><!-- Progress Bar Start -->\n                        <div class=\"progress-box\">\n                            <h5>Sanalla\u015ft\u0131rma<\/h5>\n                            <div class=\"progress\">\n                                <div class=\"progress-bar\" role=\"progressbar\" data-width=\"100\">\n                                     <span>100%<\/span>\n                                <\/div>\n                            <\/div>\n                        <\/div>\n                        <!-- Progress Bar End --><\/div>\n                <\/div>\n\n                <div class=\"col-lg-6 thumbs\">\n                    <img decoding=\"async\" src=\"https:\/\/trustbt.com\/wp-content\/uploads\/2021\/01\/7-1.png\" alt=\"Thumb\">\n                <\/div>\n\n            <\/div>\n        <\/div>\n    <\/div>\n    <!-- End About Area --><\/div><\/div><\/div><\/div><div class=\"vc_row wpb_row vc_row-fluid\"><div class=\"wpb_column vc_column_container vc_col-sm-12\"><div class=\"vc_column-inner\"><div class=\"wpb_wrapper\"><!-- Start Fun Factor Area\n    ============================================= -->\n    <div class=\"fun-factor-area overflow-hidden\">\n        <div class=\"container\">\n            <div class=\"fun-fact-items default-padding\">\n                <div class=\"row\"><div class=\"col-lg-3 col-md-6 item\">\n\t<div class=\"fun-fact\">\n\t\t<div class=\"icon\">\n\t\t     <i class=\"flaticon-medal\"><\/i>\n\t\t <\/div>\n\t\t <div class=\"info\">\n\t\t \t<div class=\"timer\" data-to=\"38\" data-speed=\"5000\">38<\/div>\n\t\t\t<span class=\"medium\">Mutlu M\u00fc\u015fteri<\/span>\n\t\t <\/div>\n\t<\/div>\n<\/div><div class=\"col-lg-3 col-md-6 item\">\n\t<div class=\"fun-fact\">\n\t\t<div class=\"icon\">\n\t\t     <i class=\"flaticon-help\"><\/i>\n\t\t <\/div>\n\t\t <div class=\"info\">\n\t\t \t<div class=\"timer\" data-to=\"212\" data-speed=\"5000\">212<\/div>\n\t\t\t<span class=\"medium\">Bitmi\u015f Proje<\/span>\n\t\t <\/div>\n\t<\/div>\n<\/div><div class=\"col-lg-3 col-md-6 item\">\n\t<div class=\"fun-fact\">\n\t\t<div class=\"icon\">\n\t\t     <i class=\"flaticon-customer-service\"><\/i>\n\t\t <\/div>\n\t\t <div class=\"info\">\n\t\t \t<div class=\"timer\" data-to=\"12\" data-speed=\"5000\">12<\/div>\n\t\t\t<span class=\"medium\">IT Uzman\u0131<\/span>\n\t\t <\/div>\n\t<\/div>\n<\/div><div class=\"col-lg-3 col-md-6 item\">\n\t<div class=\"fun-fact\">\n\t\t<div class=\"icon\">\n\t\t     <i class=\"flaticon-backup\"><\/i>\n\t\t <\/div>\n\t\t <div class=\"info\">\n\t\t \t<div class=\"timer\" data-to=\"2018\" data-speed=\"5000\">2018<\/div>\n\t\t\t<span class=\"medium\">Kurulu\u015f Y\u0131l\u0131<\/span>\n\t\t <\/div>\n\t<\/div>\n<\/div> <\/div>\n            <\/div>\n        <\/div>\n    <\/div>\n    <!-- End Fun Factor Area --><\/div><\/div><\/div><\/div>","protected":false},"excerpt":{"rendered":"","protected":false},"author":6,"featured_media":0,"parent":0,"menu_order":0,"comment_status":"closed","ping_status":"closed","template":"page-templates\/home5.php","meta":{"footnotes":""},"class_list":["post-285","page","type-page","status-publish","hentry"],"aioseo_notices":[],"_links":{"self":[{"href":"https:\/\/trustbt.com\/en\/wp-json\/wp\/v2\/pages\/285","targetHints":{"allow":["GET"]}}],"collection":[{"href":"https:\/\/trustbt.com\/en\/wp-json\/wp\/v2\/pages"}],"about":[{"href":"https:\/\/trustbt.com\/en\/wp-json\/wp\/v2\/types\/page"}],"author":[{"embeddable":true,"href":"https:\/\/trustbt.com\/en\/wp-json\/wp\/v2\/users\/6"}],"replies":[{"embeddable":true,"href":"https:\/\/trustbt.com\/en\/wp-json\/wp\/v2\/comments?post=285"}],"version-history":[{"count":15,"href":"https:\/\/trustbt.com\/en\/wp-json\/wp\/v2\/pages\/285\/revisions"}],"predecessor-version":[{"id":2289,"href":"https:\/\/trustbt.com\/en\/wp-json\/wp\/v2\/pages\/285\/revisions\/2289"}],"wp:attachment":[{"href":"https:\/\/trustbt.com\/en\/wp-json\/wp\/v2\/media?parent=285"}],"curies":[{"name":"wp","href":"https:\/\/api.w.org\/{rel}","templated":true}]}}